{"id":2510,"date":"2023-04-19T21:50:52","date_gmt":"2023-04-19T19:50:52","guid":{"rendered":"https:\/\/krakow-jazz.pl\/?page_id=2510"},"modified":"2023-04-19T22:26:34","modified_gmt":"2023-04-19T20:26:34","slug":"artysci","status":"publish","type":"page","link":"https:\/\/krakow-jazz.pl\/index.php\/artysci\/","title":{"rendered":"Arty\u015bci"},"content":{"rendered":"<h2 style=\"text-align: center;\"><strong>Arty\u015bci XXIX edycji Festiwalu<\/strong><\/h2>\n<p>&nbsp;<\/p>\n<h3 style=\"text-align: center;\"><strong><a id=\"09-05-2023\">STEVE COLEMAN AND FIVE ELEMENTS<\/a><\/strong><\/h3>\n<p style=\"text-align: center;\">Steve Coleman &#8211; saksofon<br \/>\nJonathan Finlayson &#8211; tr\u0105bka<br \/>\nRich Brown &#8211; gitara basowa<br \/>\nSean Rickman &#8211; perkusja<\/p>\n<p>Steve Coleman &#8211; saksofonista, kompozytor, wizjoner wsp\u00f3\u0142czesnej muzyki. Jego tw\u00f3rczo\u015b\u0107 i idee mia\u0142y silny wp\u0142yw na wsp\u00f3\u0142czesne oblicze jazzu. Jeden z tw\u00f3rc\u00f3w ruchu M-Base, z kt\u00f3rego wywodzi si\u0119 m.in. Cassandra Wilson. Piewca rozimprowizowanych afroamerykan\u00f3w,<br \/>\nwielki duchem filozof rytmu i czarnej kultury. Zesp\u00f3\u0142 Steve Coleman and Five Elements dzia\u0142a ju\u017c od ponad trzech dekad i jest najwa\u017cniejsz\u0105 formacj\u0105 Steve&#8217;a. Coleman jest jednym z ojc\u00f3w chrzestnych muzyki fusion, miesza\u0142 jazz z elementami muzyki afryka\u0144skiej diaspory i staro\u017cytn\u0105 metafizyk\u0105. W latach dziewi\u0119\u0107dziesi\u0105tych Coleman po\u015bwi\u0119ci\u0142 si\u0119 konceptualnym eksperymentom z rytmik\u0105. Komponowa\u0142 utwory, w kt\u00f3rych poszczeg\u00f3lni muzycy grali w r\u00f3\u017cnym metrum tworz\u0105c niesymetryczne uk\u0142ady rytmiczne. Muzyka, cho\u0107 oparta na wyra\u017anym groovie mia\u0142a lu\u017an\u0105 struktur\u0119 melodyczn\u0105 i harmoniczn\u0105.<br \/>\nW 2014 roku nagrodzony zosta\u0142 stypendium fundacji MacArthur\u00f3w, zwanym \u201eNagrod\u0105 Geniuszy\u201d. Dzi\u015b saksofonista jest prawdziw\u0105 instytucj\u0105, wychowuj\u0105c\u0105 kolejne generacje innowacyjnych ameryka\u0144skich jazzman\u00f3w. A muzyka Colemana w koncertowej wersji to skumulowana energia o niespotykanej intensywno\u015bci.<\/p>\n<h3 style=\"text-align: center;\"><strong><img loading=\"lazy\" class=\"alignnone wp-image-2523 size-full\" src=\"https:\/\/krakow-jazz.pl\/wp-content\/uploads\/2023\/04\/Five-elements-festival.png\" alt=\"\" width=\"682\" height=\"487\" srcset=\"https:\/\/krakow-jazz.pl\/wp-content\/uploads\/2023\/04\/Five-elements-festival.png 682w, https:\/\/krakow-jazz.pl\/wp-content\/uploads\/2023\/04\/Five-elements-festival-300x214.png 300w\" sizes=\"(max-width: 682px) 100vw, 682px\" \/><\/strong><\/h3>\n<p>&nbsp;<\/p>\n<hr width=\"90%\" \/>\n<p>&nbsp;<\/p>\n<h3 style=\"text-align: center;\"><strong><a id=\"10-05-2023\">MICHA\u0141 BARA\u0143SKI &#8211; &#8222;MASOVIAN MANTRA&#8221;<\/a><br \/>\n<\/strong><\/h3>\n<p style=\"text-align: center;\">krakowska premiera<\/p>\n<p style=\"text-align: center;\">Shachar Elnatan &#8211; gitara, \u015bpiew<br \/>\nMicha\u0142 Tokaj &#8211; fortepian, instrumenty klawiszowe<br \/>\nMicha\u0142 Bara\u0144ski &#8211; kontrabas, gitara basowa, konnakol vocal percussion<br \/>\n\u0141ukasz \u017byta &#8211; perkusja<\/p>\n<p style=\"text-align: left;\">&#8222;Masovian Mantra&#8221; &#8211; autorski jazzowy projekt Micha\u0142a Bara\u0144skiego \u0142\u0105cz\u0105cy elementy folkloru polskiego i indyjskiego, nagrany w towarzystwie utytu\u0142owanych muzyk\u00f3w polskiej sceny jazzowej. Z go\u015bcinnym udzia\u0142em izraelskiego gitarzysty Shachara Elnatana, kt\u00f3rego debiutanck\u0105 p\u0142yt\u0119 produkowa\u0142 Avishai Cohen. Artysta stosuje unikaln\u0105 technik\u0119 hinduskiej perkusji wokalnej &#8211; konnakol. P\u0142yta \u201eMasovian Mantra\u201d zosta\u0142a wydana przez presti\u017cow\u0105 seri\u0119 Polish Jazz.<br \/>\n2 nominacje do Fryderyk\u00f3w 2023:<br \/>\n&#8211; MASOVIAN MANTRA Micha\u0142a Bara\u0144skiego zosta\u0142a nominowana w kategorii: Album roku &#8211; Jazz;<br \/>\n&#8211; Micha\u0142 Bara\u0144ski natomiast zosta\u0142 wyr\u00f3\u017cniony nominacj\u0105 w kategorii Artysta roku &#8211; Jazz.<\/p>\n<p style=\"text-align: left;\"><img loading=\"lazy\" class=\"aligncenter wp-image-2522 size-full\" src=\"https:\/\/krakow-jazz.pl\/wp-content\/uploads\/2023\/04\/the-masovian-festival.png\" alt=\"\" width=\"685\" height=\"516\" srcset=\"https:\/\/krakow-jazz.pl\/wp-content\/uploads\/2023\/04\/the-masovian-festival.png 685w, https:\/\/krakow-jazz.pl\/wp-content\/uploads\/2023\/04\/the-masovian-festival-300x226.png 300w\" sizes=\"(max-width: 685px) 100vw, 685px\" \/><\/p>\n<div style=\"width:50%;margin:0 auto;\">\n<iframe src=\"https:\/\/www.youtube.com\/embed\/FmbVXRouA-Y\" title=\"YouTube video player\" frameborder=\"0\" allow=\"accelerometer; autoplay; clipboard-write; encrypted-media; gyroscope; picture-in-picture; web-share\" allowfullscreen><\/iframe>\n<\/div>\n<p>&nbsp;<\/p>\n<hr width=\"90%\" \/>\n<p>&nbsp;<\/p>\n<h3 style=\"text-align: center;\"><strong><a id=\"16-05-2023\">AARON PARKS Little Big<\/a><\/strong><\/h3>\n<p style=\"text-align: center;\">Aaron Parks &#8211; fortepian<br \/>\nGreg Tuohey &#8211; gitara<br \/>\nDJ Ginyard &#8211; gitara basowa<br \/>\nJK Kim &#8211; perkusja<\/p>\n<p>Aaron Parks \u015bwiatowej s\u0142awy pianista jazzowy, znany z niezwykle melodyjnych utwor\u00f3w, b\u0119d\u0105cymi eksperymentami gatunkowymi. Koncert b\u0119dzie promowa\u0142 najnowszy projekt artysty, kt\u00f3ry wyst\u0105pi po raz pierwszy w Krakowie, na jedynym koncercie w Polsce, w ramach swojej europejskiej trasy.<br \/>\nPianista Aaron Parks w wieku 25 lat wyda\u0142 sw\u00f3j debiutancki album \u201eInvisible Cinema\u201d pod skrzyd\u0142ami Blue Note, po trzech wcze\u015bniejszych p\u0142ytach wydanych przez wytw\u00f3rni\u0119 z tr\u0119baczem Terencem Blanchardem. BBC uzna\u0142o debiutancki kr\u0105\u017cek \u201eza jeden z najlepszych album\u00f3w 2008\u201d. \u201eJazzTimes\u201d okre\u015bli\u0142 Parksa mianem \u201enowego wizjonera\u201d. \u201eThe San Jose Mercury News\u201d uzna\u0142 jego p\u0142yt\u0119 zatytu\u0142owan\u0105 \u201eAlive in Japan\u201d za Top Jazz Album 2013 roku.<br \/>\nParks ma na swoim koncie r\u00f3wnie\u017c dwa albumy wydane przez ECM, w tym solowy album fortepianowy i p\u0142yt\u0119 w trio z Billy\u2019m Hartem i Ben Street. Little Big, zesp\u00f3\u0142 Aarona Parksa, mo\u017ce by\u0107 w pewnym sensie postrzegany jako kontynuacja drogi, jak\u0105 rozpocz\u0105\u0142 debiutanck\u0105 p\u0142yt\u0105 z 2008 roku \u201eInvisible Cinema\u201d, z g\u0142\u0119bszym zaanga\u017cowaniem w melodyjne komponowanie utwor\u00f3w, wsp\u00f3\u0142czesne rytmy i wci\u0105gaj\u0105ce historie. Z cz\u0142onkami zespo\u0142u, przynosz\u0105 oni swoje do\u015bwiadczenia nie tylko z jazzu i muzyki improwizowanej, ale tak\u017ce elektroniki, R&amp;B, indie popu, alt-country i wielu innych, jest to muzyka p\u0142ynna gatunkowo, kt\u00f3ra tworzy sw\u00f3j w\u0142asny \u015bwiat.<\/p>\n<p><img loading=\"lazy\" class=\"aligncenter wp-image-2521 size-full\" src=\"https:\/\/krakow-jazz.pl\/wp-content\/uploads\/2023\/04\/little-big-festival.png\" alt=\"\" width=\"684\" height=\"528\" srcset=\"https:\/\/krakow-jazz.pl\/wp-content\/uploads\/2023\/04\/little-big-festival.png 684w, https:\/\/krakow-jazz.pl\/wp-content\/uploads\/2023\/04\/little-big-festival-300x232.png 300w\" sizes=\"(max-width: 684px) 100vw, 684px\" \/><\/p>\n","protected":false},"excerpt":{"rendered":"<p>Arty\u015bci XXIX edycji Festiwalu &nbsp; STEVE COLEMAN AND FIVE ELEMENTS Steve Coleman &#8211; saksofon Jonathan Finlayson &#8211; tr\u0105bka Rich Brown &#8211; gitara basowa Sean Rickman &#8211; perkusja Steve Coleman &#8211;&#8230;<\/p>\n","protected":false},"author":1,"featured_media":0,"parent":0,"menu_order":0,"comment_status":"closed","ping_status":"closed","template":"","meta":[],"yoast_head":"<!-- This site is optimized with the Yoast SEO plugin v18.2 - https:\/\/yoast.com\/wordpress\/plugins\/seo\/ -->\n<title>Arty\u015bci - Festiwal Jazzowy | Krakow Jazz Festival<\/title>\n<meta name=\"robots\" content=\"index, follow, max-snippet:-1, max-image-preview:large, max-video-preview:-1\" \/>\n<link rel=\"canonical\" href=\"https:\/\/krakow-jazz.pl\/index.php\/artysci\/\" \/>\n<meta property=\"og:locale\" content=\"pl_PL\" \/>\n<meta property=\"og:type\" content=\"article\" \/>\n<meta property=\"og:title\" content=\"Arty\u015bci - Festiwal Jazzowy | Krakow Jazz Festival\" \/>\n<meta property=\"og:description\" content=\"Arty\u015bci XXIX edycji Festiwalu &nbsp; STEVE COLEMAN AND FIVE ELEMENTS Steve Coleman &#8211; saksofon Jonathan Finlayson &#8211; tr\u0105bka Rich Brown &#8211; gitara basowa Sean Rickman &#8211; perkusja Steve Coleman &#8211;...\" \/>\n<meta property=\"og:url\" content=\"https:\/\/krakow-jazz.pl\/index.php\/artysci\/\" \/>\n<meta property=\"og:site_name\" content=\"Festiwal Jazzowy | Krakow Jazz Festival\" \/>\n<meta property=\"article:modified_time\" content=\"2023-04-19T20:26:34+00:00\" \/>\n<meta property=\"og:image\" content=\"https:\/\/krakow-jazz.pl\/wp-content\/uploads\/2023\/04\/Five-elements-festival.png\" \/>\n<meta name=\"twitter:card\" content=\"summary\" \/>\n<meta name=\"twitter:label1\" content=\"Szacowany czas czytania\" \/>\n\t<meta name=\"twitter:data1\" content=\"4 minuty\" \/>\n<script type=\"application\/ld+json\" class=\"yoast-schema-graph\">{\"@context\":\"https:\/\/schema.org\",\"@graph\":[{\"@type\":\"WebSite\",\"@id\":\"https:\/\/krakow-jazz.pl\/#website\",\"url\":\"https:\/\/krakow-jazz.pl\/\",\"name\":\"Festiwal Jazzowy | Krakow Jazz Festival\",\"description\":\"Festiwal Jazzowy Starzy i M\u0142odzi czyli Jazz w Krakowie\",\"potentialAction\":[{\"@type\":\"SearchAction\",\"target\":{\"@type\":\"EntryPoint\",\"urlTemplate\":\"https:\/\/krakow-jazz.pl\/?s={search_term_string}\"},\"query-input\":\"required name=search_term_string\"}],\"inLanguage\":\"pl-PL\"},{\"@type\":\"ImageObject\",\"@id\":\"https:\/\/krakow-jazz.pl\/index.php\/artysci\/#primaryimage\",\"inLanguage\":\"pl-PL\",\"url\":\"https:\/\/krakow-jazz.pl\/wp-content\/uploads\/2023\/04\/Five-elements-festival.png\",\"contentUrl\":\"https:\/\/krakow-jazz.pl\/wp-content\/uploads\/2023\/04\/Five-elements-festival.png\",\"width\":682,\"height\":487},{\"@type\":\"WebPage\",\"@id\":\"https:\/\/krakow-jazz.pl\/index.php\/artysci\/#webpage\",\"url\":\"https:\/\/krakow-jazz.pl\/index.php\/artysci\/\",\"name\":\"Arty\u015bci - Festiwal Jazzowy | Krakow Jazz Festival\",\"isPartOf\":{\"@id\":\"https:\/\/krakow-jazz.pl\/#website\"},\"primaryImageOfPage\":{\"@id\":\"https:\/\/krakow-jazz.pl\/index.php\/artysci\/#primaryimage\"},\"datePublished\":\"2023-04-19T19:50:52+00:00\",\"dateModified\":\"2023-04-19T20:26:34+00:00\",\"breadcrumb\":{\"@id\":\"https:\/\/krakow-jazz.pl\/index.php\/artysci\/#breadcrumb\"},\"inLanguage\":\"pl-PL\",\"potentialAction\":[{\"@type\":\"ReadAction\",\"target\":[\"https:\/\/krakow-jazz.pl\/index.php\/artysci\/\"]}]},{\"@type\":\"BreadcrumbList\",\"@id\":\"https:\/\/krakow-jazz.pl\/index.php\/artysci\/#breadcrumb\",\"itemListElement\":[{\"@type\":\"ListItem\",\"position\":1,\"name\":\"Strona g\u0142\u00f3wna\",\"item\":\"https:\/\/krakow-jazz.pl\/\"},{\"@type\":\"ListItem\",\"position\":2,\"name\":\"Arty\u015bci\"}]}]}<\/script>\n<!-- \/ Yoast SEO plugin. -->","yoast_head_json":{"title":"Arty\u015bci - Festiwal Jazzowy | Krakow Jazz Festival","robots":{"index":"index","follow":"follow","max-snippet":"max-snippet:-1","max-image-preview":"max-image-preview:large","max-video-preview":"max-video-preview:-1"},"canonical":"https:\/\/krakow-jazz.pl\/index.php\/artysci\/","og_locale":"pl_PL","og_type":"article","og_title":"Arty\u015bci - Festiwal Jazzowy | Krakow Jazz Festival","og_description":"Arty\u015bci XXIX edycji Festiwalu &nbsp; STEVE COLEMAN AND FIVE ELEMENTS Steve Coleman &#8211; saksofon Jonathan Finlayson &#8211; tr\u0105bka Rich Brown &#8211; gitara basowa Sean Rickman &#8211; perkusja Steve Coleman &#8211;...","og_url":"https:\/\/krakow-jazz.pl\/index.php\/artysci\/","og_site_name":"Festiwal Jazzowy | Krakow Jazz Festival","article_modified_time":"2023-04-19T20:26:34+00:00","og_image":[{"url":"https:\/\/krakow-jazz.pl\/wp-content\/uploads\/2023\/04\/Five-elements-festival.png"}],"twitter_card":"summary","twitter_misc":{"Szacowany czas czytania":"4 minuty"},"schema":{"@context":"https:\/\/schema.org","@graph":[{"@type":"WebSite","@id":"https:\/\/krakow-jazz.pl\/#website","url":"https:\/\/krakow-jazz.pl\/","name":"Festiwal Jazzowy | Krakow Jazz Festival","description":"Festiwal Jazzowy Starzy i M\u0142odzi czyli Jazz w Krakowie","potentialAction":[{"@type":"SearchAction","target":{"@type":"EntryPoint","urlTemplate":"https:\/\/krakow-jazz.pl\/?s={search_term_string}"},"query-input":"required name=search_term_string"}],"inLanguage":"pl-PL"},{"@type":"ImageObject","@id":"https:\/\/krakow-jazz.pl\/index.php\/artysci\/#primaryimage","inLanguage":"pl-PL","url":"https:\/\/krakow-jazz.pl\/wp-content\/uploads\/2023\/04\/Five-elements-festival.png","contentUrl":"https:\/\/krakow-jazz.pl\/wp-content\/uploads\/2023\/04\/Five-elements-festival.png","width":682,"height":487},{"@type":"WebPage","@id":"https:\/\/krakow-jazz.pl\/index.php\/artysci\/#webpage","url":"https:\/\/krakow-jazz.pl\/index.php\/artysci\/","name":"Arty\u015bci - Festiwal Jazzowy | Krakow Jazz Festival","isPartOf":{"@id":"https:\/\/krakow-jazz.pl\/#website"},"primaryImageOfPage":{"@id":"https:\/\/krakow-jazz.pl\/index.php\/artysci\/#primaryimage"},"datePublished":"2023-04-19T19:50:52+00:00","dateModified":"2023-04-19T20:26:34+00:00","breadcrumb":{"@id":"https:\/\/krakow-jazz.pl\/index.php\/artysci\/#breadcrumb"},"inLanguage":"pl-PL","potentialAction":[{"@type":"ReadAction","target":["https:\/\/krakow-jazz.pl\/index.php\/artysci\/"]}]},{"@type":"BreadcrumbList","@id":"https:\/\/krakow-jazz.pl\/index.php\/artysci\/#breadcrumb","itemListElement":[{"@type":"ListItem","position":1,"name":"Strona g\u0142\u00f3wna","item":"https:\/\/krakow-jazz.pl\/"},{"@type":"ListItem","position":2,"name":"Arty\u015bci"}]}]}},"_links":{"self":[{"href":"https:\/\/krakow-jazz.pl\/index.php\/wp-json\/wp\/v2\/pages\/2510"}],"collection":[{"href":"https:\/\/krakow-jazz.pl\/index.php\/wp-json\/wp\/v2\/pages"}],"about":[{"href":"https:\/\/krakow-jazz.pl\/index.php\/wp-json\/wp\/v2\/types\/page"}],"author":[{"embeddable":true,"href":"https:\/\/krakow-jazz.pl\/index.php\/wp-json\/wp\/v2\/users\/1"}],"replies":[{"embeddable":true,"href":"https:\/\/krakow-jazz.pl\/index.php\/wp-json\/wp\/v2\/comments?post=2510"}],"version-history":[{"count":46,"href":"https:\/\/krakow-jazz.pl\/index.php\/wp-json\/wp\/v2\/pages\/2510\/revisions"}],"predecessor-version":[{"id":2541,"href":"https:\/\/krakow-jazz.pl\/index.php\/wp-json\/wp\/v2\/pages\/2510\/revisions\/2541"}],"wp:attachment":[{"href":"https:\/\/krakow-jazz.pl\/index.php\/wp-json\/wp\/v2\/media?parent=2510"}],"curies":[{"name":"wp","href":"https:\/\/api.w.org\/{rel}","templated":true}]}}