{"id":1445,"date":"2019-03-20T22:53:55","date_gmt":"2019-03-20T21:53:55","guid":{"rendered":"http:\/\/www.krakow-jazz.pl\/?page_id=1445"},"modified":"2019-03-21T00:18:35","modified_gmt":"2019-03-20T23:18:35","slug":"joachim-mencel-quintet","status":"publish","type":"page","link":"https:\/\/krakow-jazz.pl\/index.php\/artysci1\/joachim-mencel-quintet\/","title":{"rendered":"Joachim Mencel Quintet"},"content":{"rendered":"[vc_row type=&#8221;in_container&#8221; scene_position=&#8221;center&#8221; text_color=&#8221;dark&#8221; text_align=&#8221;left&#8221; overlay_strength=&#8221;0.3&#8243;][vc_column column_padding=&#8221;no-extra-padding&#8221; column_padding_position=&#8221;all&#8221; background_color_opacity=&#8221;1&#8243; background_hover_color_opacity=&#8221;1&#8243; width=&#8221;1\/1&#8243;][vc_column_text]\n<h1>JOACHIM MENCEL QUINTET &#8211; ARTISENA<\/h1>\n[\/vc_column_text][\/vc_column][\/vc_row][vc_row type=&#8221;in_container&#8221; scene_position=&#8221;center&#8221; text_color=&#8221;dark&#8221; text_align=&#8221;left&#8221; overlay_strength=&#8221;0.3&#8243;][vc_column column_padding=&#8221;no-extra-padding&#8221; column_padding_position=&#8221;all&#8221; background_color_opacity=&#8221;1&#8243; background_hover_color_opacity=&#8221;1&#8243; width=&#8221;1\/2&#8243;][vc_column_text]\n<div class=\"gmail_attr\" dir=\"ltr\">Projekt Artisena to fuzja polskiej muzyki ludowej oraz nowoczesnego jazzu. To muzyka bazuj\u0105ca na tradycyjnych ta\u0144cach ludowych i chocia\u017c nie jest przeznaczona do ta\u0144czenia, to idiom ta\u0144ca wyra\u017anie kszta\u0142tuje ca\u0142y wyraz tej muzyki. Lider zespo\u0142u Joachim Mencel tak m\u00f3wi: Zale\u017cy mi, aby moja muzyka \u201eta\u0144czy\u0142a\u201d w duszy s\u0142uchacza. Chodzi mi bardziej o obudzenie w odbiorcy duchowej, a nie fizycznej ekspresji.<\/div>\n<div dir=\"ltr\">\n<div dir=\"ltr\">Repertuar zawiera kompozycje autorstwa Joachima Mencla inspirowane ta\u0144cami polskimi i ta\u0144cami obecnych w Polsce mniejszo\u015bci etnicznych. W\u015br\u00f3d utwor\u00f3w jest m.in. polonez, oberek, kujawiak, czardasz, mazurek i krakowiak. Po\u0142\u0105czenie autorskiego stylu kompozytorskiego Mencla z duchem muzyki tanecznej stworzy\u0142o ca\u0142kiem now\u0105 jako\u015b\u0107. Jest to muzyka \u017cywio\u0142owa i jednocze\u015bnie poruszaj\u0105ca serce w rytmie ludowych ta\u0144c\u00f3w. S\u0142uchacza wzrusza t\u0119skna nuta muzyki naszych korzeni i zadziwia jej asymilacja na gruncie nowoczesnego jazzu.<br \/>\nKompozytor do swojego zespo\u0142u zaprosi\u0142 muzyk\u00f3w graj\u0105cych na perkusji, kontrabasie, skrzypcach i gitarze, a sam zasiada przy fortepianie oraz gra na lirze korbowej \u2013 instrumencie maj\u0105cym swoj\u0105 bogat\u0105 histori\u0119 w polskiej muzyce ludowej.<br \/>\nPrzygotowany przez muzyk\u00f3w program Joachim Mencel Artisena dedykowany jest mi\u0142o\u015bnikom muzyki jazzowej oraz wszystkim tym, kt\u00f3rzy szanuj\u0105 i kochaj\u0105 muzyk\u0119 tradycyjn\u0105. Tradycyjna muzyka ludowa nie jest sztuk\u0105 muzealn\u0105. Jest to \u017cywa muzyka, kt\u00f3ra wci\u0105\u017c podlega ewolucji. Ten projekt tworzy kolejn\u0105, now\u0105 cz\u0119\u015b\u0107 historii tej muzyki.<\/div>\n<\/div>\n<p>W kwietniu 2018 ukaza\u0142a si\u0119 p\u0142yta zespo\u0142u Joachim Mencel Quintet &#8222;Artisena&#8221; w wydawnictwie For Tune.<\/p>\n[\/vc_column_text][\/vc_column][vc_column column_padding=&#8221;no-extra-padding&#8221; column_padding_position=&#8221;all&#8221; background_color_opacity=&#8221;1&#8243; background_hover_color_opacity=&#8221;1&#8243; width=&#8221;1\/2&#8243;][image_with_animation image_url=&#8221;1446&#8243; alignment=&#8221;&#8221; animation=&#8221;Fade In&#8221;][\/vc_column][\/vc_row][vc_row type=&#8221;in_container&#8221; scene_position=&#8221;center&#8221; text_color=&#8221;dark&#8221; text_align=&#8221;left&#8221; overlay_strength=&#8221;0.3&#8243;][vc_column column_padding=&#8221;no-extra-padding&#8221; column_padding_position=&#8221;all&#8221; background_color_opacity=&#8221;1&#8243; background_hover_color_opacity=&#8221;1&#8243; width=&#8221;1\/1&#8243;][image_with_animation image_url=&#8221;1486&#8243; alignment=&#8221;center&#8221; animation=&#8221;Fade In&#8221;][\/vc_column][\/vc_row][vc_row type=&#8221;in_container&#8221; scene_position=&#8221;center&#8221; text_color=&#8221;dark&#8221; text_align=&#8221;left&#8221; overlay_strength=&#8221;0.3&#8243;][vc_column column_padding=&#8221;no-extra-padding&#8221; column_padding_position=&#8221;all&#8221; background_color_opacity=&#8221;1&#8243; background_hover_color_opacity=&#8221;1&#8243; width=&#8221;1\/1&#8243;][vc_video link=&#8221;https:\/\/www.youtube.com\/watch?v=KMLgO1MWSv8&#8243;][\/vc_column][\/vc_row][vc_row type=&#8221;in_container&#8221; scene_position=&#8221;center&#8221; text_color=&#8221;dark&#8221; text_align=&#8221;left&#8221; overlay_strength=&#8221;0.3&#8243;][vc_column column_padding=&#8221;no-extra-padding&#8221; column_padding_position=&#8221;all&#8221; background_color_opacity=&#8221;1&#8243; background_hover_color_opacity=&#8221;1&#8243; width=&#8221;1\/1&#8243;][vc_column_text]teledysk do utworu Polonez a-moll z p\u0142yty Artisena[\/vc_column_text][\/vc_column][\/vc_row][vc_row type=&#8221;in_container&#8221; scene_position=&#8221;center&#8221; text_color=&#8221;dark&#8221; text_align=&#8221;left&#8221; overlay_strength=&#8221;0.3&#8243;][vc_column column_padding=&#8221;no-extra-padding&#8221; column_padding_position=&#8221;all&#8221; background_color_opacity=&#8221;1&#8243; background_hover_color_opacity=&#8221;1&#8243; width=&#8221;1\/1&#8243;][divider line_type=&#8221;No Line&#8221; custom_height=&#8221;30&#8243;][\/vc_column][\/vc_row][vc_row type=&#8221;in_container&#8221; scene_position=&#8221;center&#8221; text_color=&#8221;dark&#8221; text_align=&#8221;left&#8221; overlay_strength=&#8221;0.3&#8243;][vc_column column_padding=&#8221;no-extra-padding&#8221; column_padding_position=&#8221;all&#8221; background_color_opacity=&#8221;1&#8243; background_hover_color_opacity=&#8221;1&#8243; width=&#8221;1\/1&#8243;][vc_column_text]cytaty z r\u00f3\u017cnych recenzji p\u0142yty &#8222;Artisena&#8221;:<\/p>\n<p>&#8222;There are moments when the quintet achieves a rainy-day moodiness that is easy to get lost in.&#8221;<br \/>\nDave Sumner, Bird is the Worm<\/p>\n<p>&#8222;S\u0105 chwile, w kt\u00f3rych kwintet osi\u0105ga deszczowy nastr\u00f3j, w kt\u00f3rym \u0142atwo jest si\u0119 zatraci\u0107.&#8221;<br \/>\nDave Sumner, Bird is the Worm<\/p>\n<p>&#8222;Album etno-jazzowy, do kt\u00f3rego dochodzimy, przekraczaj\u0105c kolejne poziomy wtajemniczenia. Si\u0142a ducha tradycji i etnicznego pi\u0119kna. Artisena!&#8221;<br \/>\nEgon Klank, Laboratorium Muzycznych Fuzji<\/p>\n<p>&#8222;Pomys\u0142 Mencla na \u201eArtisen\u0119\u201d, cho\u0107 na pewno ryzykowny, zwie\u0144czony zosta\u0142 pe\u0142nym artystycznym sukcesem \u2013 powsta\u0142a p\u0142yta klasyczna z urodzenia, jazzowa z ducha i ludowa (etniczna) z racji zainteresowa\u0144 lidera.&#8221;<br \/>\nSebastian Chosi\u0144ski, Esensja.pl<\/p>\n<p>&#8222;Das Borduninstrument steuert im Zusammenspiel mit Gitarre, Geige Klavier Bass und Schlagzeug eine hochinteressante zusatzliche farbe zu einem klang bei, der stilistisch kaum zu fassen ist &#8211; mal experimentell (Mazurek d-moll), mal swingend (&#8222;Kolomyjka Bb-moll&#8221;) dann ausserst melodieverliebt wie in Oberek G-dur, das phasenweise sogar erinnerungen an Oregon oder Pat Metheny weckt.&#8221;<br \/>\nGuido Diesing, Jazzthetik Magazine<\/p>\n<p>&#8222;Lira na p\u0142ycie w po\u0142\u0105czeniu z gitar\u0105, skrzypcami, fortepianem i perkusj\u0105 dodaje bardzo interesuj\u0105cego dodatkowego koloru brzmieniu muzyki, kt\u00f3ra jest trudna do uchwycenia pod wzgl\u0119dem stylistycznym &#8211; czasem eksperymentalna (&#8222;Mazurek d-moll&#8221;), czasem swinguj\u0105ca (&#8222;Kolomyjka Bb-moll&#8221;), a nast\u0119pnie niezwykle melodyjna tak jak w &#8222;Oberku G-dur&#8221; gdzie frazowanie budzi skojarzenia z zespo\u0142em Oregon czy z Patem Metheny.&#8221;<br \/>\nGuido Diesing, Jazzthetik Magazine<\/p>\n<p>&#8222;whilst Mencel\u2019s music has an authentic traditional sound, it is definitely modern jazz. One has to treat fusions with caution but this one (\u2026) really does work.&#8221; Neil MacRae, Cosmic Jazz<\/p>\n<p>&#8222;podczas gdy muzyka Mencla ma autentyczne tradycyjne brzmienie, zdecydowanie jest to wsp\u00f3\u0142czesny jazz. Trzeba z dystansem traktowa\u0107 muzyczne fuzje, ale ta tutaj(\u2026) naprawd\u0119 dzia\u0142a.&#8221;<br \/>\nNeil MacRae, Cosmic Jazz<\/p>\n<p>&#8222;lubi\u0119, gdy zainteresowanie rodzim\u0105 kultur\u0105 ludow\u0105 nie ma odium obsesji. Dzi\u0119ki temu umiarowi na plan pierwszy wysuwa si\u0119 lider jako kompozytor, umiej\u0119tnie i z klas\u0105 korzystaj\u0105cy z rodzimej tradycji, aby tworzy\u0107 swoje &#8211; menclowskie &#8211; kujawiaki, polonezy, ko\u0142omyjki.&#8221;<br \/>\nBasia Derlak, Jazz Forum<\/p>\n<p>&#8222;Maj\u0105cy swoj\u0105 premier\u0119 w kwietniu tego roku materia\u0142 to godzinna lekcja dla przysz\u0142ych pokole\u0144, w jaki spos\u00f3b jazz mo\u017ce pozyskiwa\u0107 dla siebie brzmieniowe motywy z kultury etnicznej.&#8221;<br \/>\nMateusz Ko\u0142odziej, AxunArts<\/p>\n<p>&#8222;S\u0142uchaj\u0105c muzyki z p\u0142yty ARTISENA nie analizujemy czy jest w niej wi\u0119cej pierwiastka ludowego, jazzu czy klasyki&#8230; Zanurzamy si\u0119 w niej bez reszty.&#8221;<br \/>\nMiros\u0142aw Dziewa \u201eBli\u017cej Jazzu\u201d<\/p>\n<p>&#8222;Kwintet Joachima Mencla w subtelno\u015bciach jazzu rozgrywa melodyjne, s\u0142owia\u0144skie \u201epiosenki\u201d i \u201eta\u0144ce\u201d czyni\u0105c z nich romantyczne i melancholijne standardy, jakby wzorce klasycznego, ilustracyjnego jazzu. To nie s\u0105 wy\u0142\u0105cznie ludowe polonezy, kujawiaki, oberki, mazurki, ko\u0142omyjki i czardasze ale przede wszystkim skrupulatnie rozpracowane kompozycje z niezwykle sp\u00f3jnymi aran\u017cacjami oraz pulsem jazzowej struktury&#8221;<br \/>\nDionizy Pi\u0105tkowski, Era Jazzu<\/p>\n<div class=\"yj6qo\"><\/div>\n<p><span style=\"color: #222222; font-family: Arial, Helvetica, sans-serif; font-size: small;\">\u00a0<\/span>[\/vc_column_text][\/vc_column][\/vc_row]\n","protected":false},"excerpt":{"rendered":"<p>[vc_row type=&#8221;in_container&#8221; scene_position=&#8221;center&#8221; text_color=&#8221;dark&#8221; text_align=&#8221;left&#8221; overlay_strength=&#8221;0.3&#8243;][vc_column column_padding=&#8221;no-extra-padding&#8221; column_padding_position=&#8221;all&#8221; background_color_opacity=&#8221;1&#8243; background_hover_color_opacity=&#8221;1&#8243; width=&#8221;1\/1&#8243;][vc_column_text] JOACHIM MENCEL QUINTET &#8211; ARTISENA [\/vc_column_text][\/vc_column][\/vc_row][vc_row type=&#8221;in_container&#8221; scene_position=&#8221;center&#8221; text_color=&#8221;dark&#8221; text_align=&#8221;left&#8221; overlay_strength=&#8221;0.3&#8243;][vc_column column_padding=&#8221;no-extra-padding&#8221; column_padding_position=&#8221;all&#8221; background_color_opacity=&#8221;1&#8243; background_hover_color_opacity=&#8221;1&#8243; width=&#8221;1\/2&#8243;][vc_column_text] Projekt Artisena to&#8230;<\/p>\n","protected":false},"author":1,"featured_media":0,"parent":28,"menu_order":0,"comment_status":"closed","ping_status":"closed","template":"","meta":[],"yoast_head":"<!-- This site is optimized with the Yoast SEO plugin v18.2 - https:\/\/yoast.com\/wordpress\/plugins\/seo\/ -->\n<title>Joachim Mencel Quintet - Festiwal Jazzowy | Krakow Jazz Festival<\/title>\n<meta name=\"robots\" content=\"index, follow, max-snippet:-1, max-image-preview:large, max-video-preview:-1\" \/>\n<link rel=\"canonical\" href=\"https:\/\/krakow-jazz.pl\/index.php\/artysci1\/joachim-mencel-quintet\/\" \/>\n<meta property=\"og:locale\" content=\"pl_PL\" \/>\n<meta property=\"og:type\" content=\"article\" \/>\n<meta property=\"og:title\" content=\"Joachim Mencel Quintet - Festiwal Jazzowy | Krakow Jazz Festival\" \/>\n<meta property=\"og:description\" content=\"[vc_row type=&#8221;in_container&#8221; scene_position=&#8221;center&#8221; text_color=&#8221;dark&#8221; text_align=&#8221;left&#8221; overlay_strength=&#8221;0.3&#8243;][vc_column column_padding=&#8221;no-extra-padding&#8221; column_padding_position=&#8221;all&#8221; background_color_opacity=&#8221;1&#8243; background_hover_color_opacity=&#8221;1&#8243; width=&#8221;1\/1&#8243;][vc_column_text] JOACHIM MENCEL QUINTET &#8211; ARTISENA [\/vc_column_text][\/vc_column][\/vc_row][vc_row type=&#8221;in_container&#8221; scene_position=&#8221;center&#8221; text_color=&#8221;dark&#8221; text_align=&#8221;left&#8221; overlay_strength=&#8221;0.3&#8243;][vc_column column_padding=&#8221;no-extra-padding&#8221; column_padding_position=&#8221;all&#8221; background_color_opacity=&#8221;1&#8243; background_hover_color_opacity=&#8221;1&#8243; width=&#8221;1\/2&#8243;][vc_column_text] Projekt Artisena to...\" \/>\n<meta property=\"og:url\" content=\"https:\/\/krakow-jazz.pl\/index.php\/artysci1\/joachim-mencel-quintet\/\" \/>\n<meta property=\"og:site_name\" content=\"Festiwal Jazzowy | Krakow Jazz Festival\" \/>\n<meta property=\"article:modified_time\" content=\"2019-03-20T23:18:35+00:00\" \/>\n<meta name=\"twitter:card\" content=\"summary\" \/>\n<meta name=\"twitter:label1\" content=\"Szacowany czas czytania\" \/>\n\t<meta name=\"twitter:data1\" content=\"5 minut\" \/>\n<script type=\"application\/ld+json\" class=\"yoast-schema-graph\">{\"@context\":\"https:\/\/schema.org\",\"@graph\":[{\"@type\":\"WebSite\",\"@id\":\"https:\/\/krakow-jazz.pl\/#website\",\"url\":\"https:\/\/krakow-jazz.pl\/\",\"name\":\"Festiwal Jazzowy | Krakow Jazz Festival\",\"description\":\"Festiwal Jazzowy Starzy i M\u0142odzi czyli Jazz w Krakowie\",\"potentialAction\":[{\"@type\":\"SearchAction\",\"target\":{\"@type\":\"EntryPoint\",\"urlTemplate\":\"https:\/\/krakow-jazz.pl\/?s={search_term_string}\"},\"query-input\":\"required name=search_term_string\"}],\"inLanguage\":\"pl-PL\"},{\"@type\":\"WebPage\",\"@id\":\"https:\/\/krakow-jazz.pl\/index.php\/artysci1\/joachim-mencel-quintet\/#webpage\",\"url\":\"https:\/\/krakow-jazz.pl\/index.php\/artysci1\/joachim-mencel-quintet\/\",\"name\":\"Joachim Mencel Quintet - Festiwal Jazzowy | Krakow Jazz Festival\",\"isPartOf\":{\"@id\":\"https:\/\/krakow-jazz.pl\/#website\"},\"datePublished\":\"2019-03-20T21:53:55+00:00\",\"dateModified\":\"2019-03-20T23:18:35+00:00\",\"breadcrumb\":{\"@id\":\"https:\/\/krakow-jazz.pl\/index.php\/artysci1\/joachim-mencel-quintet\/#breadcrumb\"},\"inLanguage\":\"pl-PL\",\"potentialAction\":[{\"@type\":\"ReadAction\",\"target\":[\"https:\/\/krakow-jazz.pl\/index.php\/artysci1\/joachim-mencel-quintet\/\"]}]},{\"@type\":\"BreadcrumbList\",\"@id\":\"https:\/\/krakow-jazz.pl\/index.php\/artysci1\/joachim-mencel-quintet\/#breadcrumb\",\"itemListElement\":[{\"@type\":\"ListItem\",\"position\":1,\"name\":\"Strona g\u0142\u00f3wna\",\"item\":\"https:\/\/krakow-jazz.pl\/\"},{\"@type\":\"ListItem\",\"position\":2,\"name\":\"Arty\u015bci Festiwalu\",\"item\":\"https:\/\/krakow-jazz.pl\/index.php\/artysci1\/\"},{\"@type\":\"ListItem\",\"position\":3,\"name\":\"Joachim Mencel Quintet\"}]}]}<\/script>\n<!-- \/ Yoast SEO plugin. -->","yoast_head_json":{"title":"Joachim Mencel Quintet - Festiwal Jazzowy | Krakow Jazz Festival","robots":{"index":"index","follow":"follow","max-snippet":"max-snippet:-1","max-image-preview":"max-image-preview:large","max-video-preview":"max-video-preview:-1"},"canonical":"https:\/\/krakow-jazz.pl\/index.php\/artysci1\/joachim-mencel-quintet\/","og_locale":"pl_PL","og_type":"article","og_title":"Joachim Mencel Quintet - Festiwal Jazzowy | Krakow Jazz Festival","og_description":"[vc_row type=&#8221;in_container&#8221; scene_position=&#8221;center&#8221; text_color=&#8221;dark&#8221; text_align=&#8221;left&#8221; overlay_strength=&#8221;0.3&#8243;][vc_column column_padding=&#8221;no-extra-padding&#8221; column_padding_position=&#8221;all&#8221; background_color_opacity=&#8221;1&#8243; background_hover_color_opacity=&#8221;1&#8243; width=&#8221;1\/1&#8243;][vc_column_text] JOACHIM MENCEL QUINTET &#8211; ARTISENA [\/vc_column_text][\/vc_column][\/vc_row][vc_row type=&#8221;in_container&#8221; scene_position=&#8221;center&#8221; text_color=&#8221;dark&#8221; text_align=&#8221;left&#8221; overlay_strength=&#8221;0.3&#8243;][vc_column column_padding=&#8221;no-extra-padding&#8221; column_padding_position=&#8221;all&#8221; background_color_opacity=&#8221;1&#8243; background_hover_color_opacity=&#8221;1&#8243; width=&#8221;1\/2&#8243;][vc_column_text] Projekt Artisena to...","og_url":"https:\/\/krakow-jazz.pl\/index.php\/artysci1\/joachim-mencel-quintet\/","og_site_name":"Festiwal Jazzowy | Krakow Jazz Festival","article_modified_time":"2019-03-20T23:18:35+00:00","twitter_card":"summary","twitter_misc":{"Szacowany czas czytania":"5 minut"},"schema":{"@context":"https:\/\/schema.org","@graph":[{"@type":"WebSite","@id":"https:\/\/krakow-jazz.pl\/#website","url":"https:\/\/krakow-jazz.pl\/","name":"Festiwal Jazzowy | Krakow Jazz Festival","description":"Festiwal Jazzowy Starzy i M\u0142odzi czyli Jazz w Krakowie","potentialAction":[{"@type":"SearchAction","target":{"@type":"EntryPoint","urlTemplate":"https:\/\/krakow-jazz.pl\/?s={search_term_string}"},"query-input":"required name=search_term_string"}],"inLanguage":"pl-PL"},{"@type":"WebPage","@id":"https:\/\/krakow-jazz.pl\/index.php\/artysci1\/joachim-mencel-quintet\/#webpage","url":"https:\/\/krakow-jazz.pl\/index.php\/artysci1\/joachim-mencel-quintet\/","name":"Joachim Mencel Quintet - Festiwal Jazzowy | Krakow Jazz Festival","isPartOf":{"@id":"https:\/\/krakow-jazz.pl\/#website"},"datePublished":"2019-03-20T21:53:55+00:00","dateModified":"2019-03-20T23:18:35+00:00","breadcrumb":{"@id":"https:\/\/krakow-jazz.pl\/index.php\/artysci1\/joachim-mencel-quintet\/#breadcrumb"},"inLanguage":"pl-PL","potentialAction":[{"@type":"ReadAction","target":["https:\/\/krakow-jazz.pl\/index.php\/artysci1\/joachim-mencel-quintet\/"]}]},{"@type":"BreadcrumbList","@id":"https:\/\/krakow-jazz.pl\/index.php\/artysci1\/joachim-mencel-quintet\/#breadcrumb","itemListElement":[{"@type":"ListItem","position":1,"name":"Strona g\u0142\u00f3wna","item":"https:\/\/krakow-jazz.pl\/"},{"@type":"ListItem","position":2,"name":"Arty\u015bci Festiwalu","item":"https:\/\/krakow-jazz.pl\/index.php\/artysci1\/"},{"@type":"ListItem","position":3,"name":"Joachim Mencel Quintet"}]}]}},"_links":{"self":[{"href":"https:\/\/krakow-jazz.pl\/index.php\/wp-json\/wp\/v2\/pages\/1445"}],"collection":[{"href":"https:\/\/krakow-jazz.pl\/index.php\/wp-json\/wp\/v2\/pages"}],"about":[{"href":"https:\/\/krakow-jazz.pl\/index.php\/wp-json\/wp\/v2\/types\/page"}],"author":[{"embeddable":true,"href":"https:\/\/krakow-jazz.pl\/index.php\/wp-json\/wp\/v2\/users\/1"}],"replies":[{"embeddable":true,"href":"https:\/\/krakow-jazz.pl\/index.php\/wp-json\/wp\/v2\/comments?post=1445"}],"version-history":[{"count":4,"href":"https:\/\/krakow-jazz.pl\/index.php\/wp-json\/wp\/v2\/pages\/1445\/revisions"}],"predecessor-version":[{"id":1487,"href":"https:\/\/krakow-jazz.pl\/index.php\/wp-json\/wp\/v2\/pages\/1445\/revisions\/1487"}],"up":[{"embeddable":true,"href":"https:\/\/krakow-jazz.pl\/index.php\/wp-json\/wp\/v2\/pages\/28"}],"wp:attachment":[{"href":"https:\/\/krakow-jazz.pl\/index.php\/wp-json\/wp\/v2\/media?parent=1445"}],"curies":[{"name":"wp","href":"https:\/\/api.w.org\/{rel}","templated":true}]}}