{"id":1424,"date":"2019-03-20T20:31:34","date_gmt":"2019-03-20T19:31:34","guid":{"rendered":"http:\/\/www.krakow-jazz.pl\/?page_id=1424"},"modified":"2019-03-20T21:03:04","modified_gmt":"2019-03-20T20:03:04","slug":"adam-baldych","status":"publish","type":"page","link":"https:\/\/krakow-jazz.pl\/index.php\/artysci1\/adam-baldych\/","title":{"rendered":"ADAM BA\u0141DYCH"},"content":{"rendered":"[vc_row type=&#8221;in_container&#8221; scene_position=&#8221;center&#8221; text_color=&#8221;dark&#8221; text_align=&#8221;left&#8221; overlay_strength=&#8221;0.3&#8243;][vc_column column_padding=&#8221;no-extra-padding&#8221; column_padding_position=&#8221;all&#8221; background_color_opacity=&#8221;1&#8243; background_hover_color_opacity=&#8221;1&#8243; width=&#8221;1\/1&#8243;][vc_column_text]\n<h1 style=\"text-align: center;\">ADAM BA\u0141DYCH QUARTET &#8211; SACRUM PROFANUM<\/h1>\n[\/vc_column_text][\/vc_column][\/vc_row][vc_row type=&#8221;in_container&#8221; scene_position=&#8221;center&#8221; text_color=&#8221;dark&#8221; text_align=&#8221;left&#8221; overlay_strength=&#8221;0.3&#8243;][vc_column column_padding=&#8221;no-extra-padding&#8221; column_padding_position=&#8221;all&#8221; background_color_opacity=&#8221;1&#8243; background_hover_color_opacity=&#8221;1&#8243; width=&#8221;1\/2&#8243;][image_with_animation image_url=&#8221;1429&#8243; alignment=&#8221;center&#8221; animation=&#8221;Fade In&#8221;][\/vc_column][vc_column column_padding=&#8221;no-extra-padding&#8221; column_padding_position=&#8221;all&#8221; background_color_opacity=&#8221;1&#8243; background_hover_color_opacity=&#8221;1&#8243; width=&#8221;1\/2&#8243;][image_with_animation image_url=&#8221;1430&#8243; alignment=&#8221;&#8221; animation=&#8221;Fade In&#8221;][\/vc_column][\/vc_row][vc_row type=&#8221;in_container&#8221; scene_position=&#8221;center&#8221; text_color=&#8221;dark&#8221; text_align=&#8221;left&#8221; overlay_strength=&#8221;0.3&#8243;][vc_column column_padding=&#8221;no-extra-padding&#8221; column_padding_position=&#8221;all&#8221; background_color_opacity=&#8221;1&#8243; background_hover_color_opacity=&#8221;1&#8243; width=&#8221;1\/1&#8243;][vc_column_text]\n<p style=\"font-weight: 400;\">SACRUM PROFANUM to najnowsze dzie\u0142o Adama Ba\u0142dycha i jego kwartetu,\u00a0nagrane dla presti\u017cowej niemieckiej oficyny wydawniczej ACT MUSIC.<br \/>\nProjekt\u00a0jest pr\u00f3b\u0105 wpisania muzyki sakralnej r\u00f3\u017cnych epok\u00a0w kontekst wsp\u00f3\u0142czesnego \u015bwiata &#8211; jego bogactwa brzmie\u0144, wolno\u015bci interpretacji\u00a0i ekspresji. Kompozycje \u015bredniowiecznej mistyczki Hildegardy z Bingen, latami\u00a0trzymane w sekrecie w Watykanie, \u201eMiserere\u201d Gregorio Allegriego czy utwory\u00a0wsp\u00f3\u0142czesnej awangardzistki Sofi Gubaiduliny to materia\u0142 dotychczas wykonywany\u00a0z ogromnym namaszczeniem formalnym, a jego pr\u00f3by jakiejkolwiek ingerencji\u00a0aran\u017cacyjno &#8211; interpretacyjnej by\u0142y wr\u0119cz zabronione. Ba\u0142dych czujnie obserwuj\u0105c\u00a0przemiany dzisiejszego \u015bwiata, podejmuje to wyzwanie i tworzy nowy projekt,\u00a0w\u0142\u0105czaj\u0105c w niego r\u00f3wnie\u017c swoje nowe kompozycje napisane specjalnie dla tego\u00a0kwartetu.<br \/>\nPo niezwykle udanych projektach \u201eThe New Tradition\u201d z Yaronem Hermanem, \u201eAntiphona &#8211; Psalmy Syryjskie&#8221; czy ostatnio \u201eBrothers\u201d z norweskim Helge Lien Trio,\u00a0Ba\u0142dych tym razem proponuje muzyk\u0119 niezwykle uduchowion\u0105 realizowan\u0105 w duchu\u00a0nieskr\u0119powanej improwizacji i przy u\u017cyciu wsp\u00f3\u0142czesnych \u015brodk\u00f3w artystycznych\u00a0jak d\u017awi\u0119k dook\u00f3lny i wizualizacje. Tworzy muzyk\u0119 konceptualn\u0105, ale w ci\u0105g\u0142ym\u00a0dialogu ze swoim odbiorc\u0105.<br \/>\nNajnowszy projekt Adama Ba\u0142dycha \u2013 Adam Ba\u0142dych\u00a0Quartet \u2013 wsp\u00f3\u0142tworzony jest z wybitn\u0105 czo\u0142\u00f3wk\u0105 polskiego jazzu- Krzysztofem\u00a0Dysem na fortepianie, Micha\u0142em Bara\u0144skim na kontrabasie i Dawidem Fortun\u0105 na\u00a0perkusji b\u0119dzie mia\u0142 swoj\u0105 premier\u0119\u00a029 marca 2019r.<\/p>\n[\/vc_column_text][\/vc_column][\/vc_row]\n","protected":false},"excerpt":{"rendered":"<p>[vc_row type=&#8221;in_container&#8221; scene_position=&#8221;center&#8221; text_color=&#8221;dark&#8221; text_align=&#8221;left&#8221; overlay_strength=&#8221;0.3&#8243;][vc_column column_padding=&#8221;no-extra-padding&#8221; column_padding_position=&#8221;all&#8221; background_color_opacity=&#8221;1&#8243; background_hover_color_opacity=&#8221;1&#8243; width=&#8221;1\/1&#8243;][vc_column_text] ADAM BA\u0141DYCH QUARTET &#8211; SACRUM PROFANUM [\/vc_column_text][\/vc_column][\/vc_row][vc_row type=&#8221;in_container&#8221; scene_position=&#8221;center&#8221; text_color=&#8221;dark&#8221; text_align=&#8221;left&#8221; overlay_strength=&#8221;0.3&#8243;][vc_column column_padding=&#8221;no-extra-padding&#8221; column_padding_position=&#8221;all&#8221; background_color_opacity=&#8221;1&#8243; background_hover_color_opacity=&#8221;1&#8243; width=&#8221;1\/2&#8243;][image_with_animation image_url=&#8221;1429&#8243; alignment=&#8221;center&#8221;&#8230;<\/p>\n","protected":false},"author":1,"featured_media":0,"parent":28,"menu_order":0,"comment_status":"closed","ping_status":"closed","template":"","meta":[],"yoast_head":"<!-- This site is optimized with the Yoast SEO plugin v18.2 - https:\/\/yoast.com\/wordpress\/plugins\/seo\/ -->\n<title>ADAM BA\u0141DYCH - Festiwal Jazzowy | Krakow Jazz Festival<\/title>\n<meta name=\"robots\" content=\"index, follow, max-snippet:-1, max-image-preview:large, max-video-preview:-1\" \/>\n<link rel=\"canonical\" href=\"https:\/\/krakow-jazz.pl\/index.php\/artysci1\/adam-baldych\/\" \/>\n<meta property=\"og:locale\" content=\"pl_PL\" \/>\n<meta property=\"og:type\" content=\"article\" \/>\n<meta property=\"og:title\" content=\"ADAM BA\u0141DYCH - Festiwal Jazzowy | Krakow Jazz Festival\" \/>\n<meta property=\"og:description\" content=\"[vc_row type=&#8221;in_container&#8221; scene_position=&#8221;center&#8221; text_color=&#8221;dark&#8221; text_align=&#8221;left&#8221; overlay_strength=&#8221;0.3&#8243;][vc_column column_padding=&#8221;no-extra-padding&#8221; column_padding_position=&#8221;all&#8221; background_color_opacity=&#8221;1&#8243; background_hover_color_opacity=&#8221;1&#8243; width=&#8221;1\/1&#8243;][vc_column_text] ADAM BA\u0141DYCH QUARTET &#8211; SACRUM PROFANUM [\/vc_column_text][\/vc_column][\/vc_row][vc_row type=&#8221;in_container&#8221; scene_position=&#8221;center&#8221; text_color=&#8221;dark&#8221; text_align=&#8221;left&#8221; overlay_strength=&#8221;0.3&#8243;][vc_column column_padding=&#8221;no-extra-padding&#8221; column_padding_position=&#8221;all&#8221; background_color_opacity=&#8221;1&#8243; background_hover_color_opacity=&#8221;1&#8243; width=&#8221;1\/2&#8243;][image_with_animation image_url=&#8221;1429&#8243; alignment=&#8221;center&#8221;...\" \/>\n<meta property=\"og:url\" content=\"https:\/\/krakow-jazz.pl\/index.php\/artysci1\/adam-baldych\/\" \/>\n<meta property=\"og:site_name\" content=\"Festiwal Jazzowy | Krakow Jazz Festival\" \/>\n<meta property=\"article:modified_time\" content=\"2019-03-20T20:03:04+00:00\" \/>\n<meta name=\"twitter:card\" content=\"summary\" \/>\n<meta name=\"twitter:label1\" content=\"Szacowany czas czytania\" \/>\n\t<meta name=\"twitter:data1\" content=\"2 minuty\" \/>\n<script type=\"application\/ld+json\" class=\"yoast-schema-graph\">{\"@context\":\"https:\/\/schema.org\",\"@graph\":[{\"@type\":\"WebSite\",\"@id\":\"https:\/\/krakow-jazz.pl\/#website\",\"url\":\"https:\/\/krakow-jazz.pl\/\",\"name\":\"Festiwal Jazzowy | Krakow Jazz Festival\",\"description\":\"Festiwal Jazzowy Starzy i M\u0142odzi czyli Jazz w Krakowie\",\"potentialAction\":[{\"@type\":\"SearchAction\",\"target\":{\"@type\":\"EntryPoint\",\"urlTemplate\":\"https:\/\/krakow-jazz.pl\/?s={search_term_string}\"},\"query-input\":\"required name=search_term_string\"}],\"inLanguage\":\"pl-PL\"},{\"@type\":\"WebPage\",\"@id\":\"https:\/\/krakow-jazz.pl\/index.php\/artysci1\/adam-baldych\/#webpage\",\"url\":\"https:\/\/krakow-jazz.pl\/index.php\/artysci1\/adam-baldych\/\",\"name\":\"ADAM BA\u0141DYCH - Festiwal Jazzowy | Krakow Jazz Festival\",\"isPartOf\":{\"@id\":\"https:\/\/krakow-jazz.pl\/#website\"},\"datePublished\":\"2019-03-20T19:31:34+00:00\",\"dateModified\":\"2019-03-20T20:03:04+00:00\",\"breadcrumb\":{\"@id\":\"https:\/\/krakow-jazz.pl\/index.php\/artysci1\/adam-baldych\/#breadcrumb\"},\"inLanguage\":\"pl-PL\",\"potentialAction\":[{\"@type\":\"ReadAction\",\"target\":[\"https:\/\/krakow-jazz.pl\/index.php\/artysci1\/adam-baldych\/\"]}]},{\"@type\":\"BreadcrumbList\",\"@id\":\"https:\/\/krakow-jazz.pl\/index.php\/artysci1\/adam-baldych\/#breadcrumb\",\"itemListElement\":[{\"@type\":\"ListItem\",\"position\":1,\"name\":\"Strona g\u0142\u00f3wna\",\"item\":\"https:\/\/krakow-jazz.pl\/\"},{\"@type\":\"ListItem\",\"position\":2,\"name\":\"Arty\u015bci Festiwalu\",\"item\":\"https:\/\/krakow-jazz.pl\/index.php\/artysci1\/\"},{\"@type\":\"ListItem\",\"position\":3,\"name\":\"ADAM BA\u0141DYCH\"}]}]}<\/script>\n<!-- \/ Yoast SEO plugin. -->","yoast_head_json":{"title":"ADAM BA\u0141DYCH - Festiwal Jazzowy | Krakow Jazz Festival","robots":{"index":"index","follow":"follow","max-snippet":"max-snippet:-1","max-image-preview":"max-image-preview:large","max-video-preview":"max-video-preview:-1"},"canonical":"https:\/\/krakow-jazz.pl\/index.php\/artysci1\/adam-baldych\/","og_locale":"pl_PL","og_type":"article","og_title":"ADAM BA\u0141DYCH - Festiwal Jazzowy | Krakow Jazz Festival","og_description":"[vc_row type=&#8221;in_container&#8221; scene_position=&#8221;center&#8221; text_color=&#8221;dark&#8221; text_align=&#8221;left&#8221; overlay_strength=&#8221;0.3&#8243;][vc_column column_padding=&#8221;no-extra-padding&#8221; column_padding_position=&#8221;all&#8221; background_color_opacity=&#8221;1&#8243; background_hover_color_opacity=&#8221;1&#8243; width=&#8221;1\/1&#8243;][vc_column_text] ADAM BA\u0141DYCH QUARTET &#8211; SACRUM PROFANUM [\/vc_column_text][\/vc_column][\/vc_row][vc_row type=&#8221;in_container&#8221; scene_position=&#8221;center&#8221; text_color=&#8221;dark&#8221; text_align=&#8221;left&#8221; overlay_strength=&#8221;0.3&#8243;][vc_column column_padding=&#8221;no-extra-padding&#8221; column_padding_position=&#8221;all&#8221; background_color_opacity=&#8221;1&#8243; background_hover_color_opacity=&#8221;1&#8243; width=&#8221;1\/2&#8243;][image_with_animation image_url=&#8221;1429&#8243; alignment=&#8221;center&#8221;...","og_url":"https:\/\/krakow-jazz.pl\/index.php\/artysci1\/adam-baldych\/","og_site_name":"Festiwal Jazzowy | Krakow Jazz Festival","article_modified_time":"2019-03-20T20:03:04+00:00","twitter_card":"summary","twitter_misc":{"Szacowany czas czytania":"2 minuty"},"schema":{"@context":"https:\/\/schema.org","@graph":[{"@type":"WebSite","@id":"https:\/\/krakow-jazz.pl\/#website","url":"https:\/\/krakow-jazz.pl\/","name":"Festiwal Jazzowy | Krakow Jazz Festival","description":"Festiwal Jazzowy Starzy i M\u0142odzi czyli Jazz w Krakowie","potentialAction":[{"@type":"SearchAction","target":{"@type":"EntryPoint","urlTemplate":"https:\/\/krakow-jazz.pl\/?s={search_term_string}"},"query-input":"required name=search_term_string"}],"inLanguage":"pl-PL"},{"@type":"WebPage","@id":"https:\/\/krakow-jazz.pl\/index.php\/artysci1\/adam-baldych\/#webpage","url":"https:\/\/krakow-jazz.pl\/index.php\/artysci1\/adam-baldych\/","name":"ADAM BA\u0141DYCH - Festiwal Jazzowy | Krakow Jazz Festival","isPartOf":{"@id":"https:\/\/krakow-jazz.pl\/#website"},"datePublished":"2019-03-20T19:31:34+00:00","dateModified":"2019-03-20T20:03:04+00:00","breadcrumb":{"@id":"https:\/\/krakow-jazz.pl\/index.php\/artysci1\/adam-baldych\/#breadcrumb"},"inLanguage":"pl-PL","potentialAction":[{"@type":"ReadAction","target":["https:\/\/krakow-jazz.pl\/index.php\/artysci1\/adam-baldych\/"]}]},{"@type":"BreadcrumbList","@id":"https:\/\/krakow-jazz.pl\/index.php\/artysci1\/adam-baldych\/#breadcrumb","itemListElement":[{"@type":"ListItem","position":1,"name":"Strona g\u0142\u00f3wna","item":"https:\/\/krakow-jazz.pl\/"},{"@type":"ListItem","position":2,"name":"Arty\u015bci Festiwalu","item":"https:\/\/krakow-jazz.pl\/index.php\/artysci1\/"},{"@type":"ListItem","position":3,"name":"ADAM BA\u0141DYCH"}]}]}},"_links":{"self":[{"href":"https:\/\/krakow-jazz.pl\/index.php\/wp-json\/wp\/v2\/pages\/1424"}],"collection":[{"href":"https:\/\/krakow-jazz.pl\/index.php\/wp-json\/wp\/v2\/pages"}],"about":[{"href":"https:\/\/krakow-jazz.pl\/index.php\/wp-json\/wp\/v2\/types\/page"}],"author":[{"embeddable":true,"href":"https:\/\/krakow-jazz.pl\/index.php\/wp-json\/wp\/v2\/users\/1"}],"replies":[{"embeddable":true,"href":"https:\/\/krakow-jazz.pl\/index.php\/wp-json\/wp\/v2\/comments?post=1424"}],"version-history":[{"count":6,"href":"https:\/\/krakow-jazz.pl\/index.php\/wp-json\/wp\/v2\/pages\/1424\/revisions"}],"predecessor-version":[{"id":1433,"href":"https:\/\/krakow-jazz.pl\/index.php\/wp-json\/wp\/v2\/pages\/1424\/revisions\/1433"}],"up":[{"embeddable":true,"href":"https:\/\/krakow-jazz.pl\/index.php\/wp-json\/wp\/v2\/pages\/28"}],"wp:attachment":[{"href":"https:\/\/krakow-jazz.pl\/index.php\/wp-json\/wp\/v2\/media?parent=1424"}],"curies":[{"name":"wp","href":"https:\/\/api.w.org\/{rel}","templated":true}]}}